{"id":10,"date":"2014-04-20T12:56:43","date_gmt":"2014-04-20T12:56:43","guid":{"rendered":"http:\/\/abotex.hu\/wordpress\/?page_id=10"},"modified":"2024-06-13T07:28:48","modified_gmt":"2024-06-13T07:28:48","slug":"kezdolap-2","status":"publish","type":"page","link":"https:\/\/abotex.hu\/wordpress\/","title":{"rendered":"Kezd\u0151lap"},"content":{"rendered":"\t\t<div data-elementor-type=\"wp-page\" data-elementor-id=\"10\" class=\"elementor elementor-10\" data-elementor-post-type=\"page\">\n\t\t\t\t<div class=\"elementor-element elementor-element-6679cb0b e-con-full e-flex e-con e-parent\" data-id=\"6679cb0b\" data-element_type=\"container\" data-settings=\"{&quot;background_background&quot;:&quot;classic&quot;}\">\n\t\t<div class=\"elementor-element elementor-element-5df1bfd e-con-full e-flex e-con e-child\" data-id=\"5df1bfd\" data-element_type=\"container\">\n\t\t\t\t<div class=\"elementor-element elementor-element-64c2b387 elementor-invisible elementor-widget elementor-widget-heading\" data-id=\"64c2b387\" data-element_type=\"widget\" data-settings=\"{&quot;_animation&quot;:&quot;fadeIn&quot;}\" data-widget_type=\"heading.default\">\n\t\t\t\t<div class=\"elementor-widget-container\">\n\t\t\t\t\t<h1 class=\"elementor-heading-title elementor-size-default\">A pihentet\u0151 alv\u00e1shoz a j\u00f3 \u00e1gynem\u0171n vezet az \u00fat<\/h1>\t\t\t\t<\/div>\n\t\t\t\t<\/div>\n\t\t\t\t<div class=\"elementor-element elementor-element-1d66c503 elementor-invisible elementor-widget elementor-widget-text-editor\" data-id=\"1d66c503\" data-element_type=\"widget\" data-settings=\"{&quot;_animation&quot;:&quot;fadeIn&quot;,&quot;_animation_delay&quot;:200}\" data-widget_type=\"text-editor.default\">\n\t\t\t\t<div class=\"elementor-widget-container\">\n\t\t\t\t\t\t\t\t\t<p>Tekintsd meg az \u00e1ltalunk k\u00e9sz\u00edtett \u00e1gynem\u0171k \u00e9s lak\u00e1stext\u00edli\u00e1k teljes k\u00edn\u00e1lat\u00e1t<\/p>\t\t\t\t\t\t\t\t<\/div>\n\t\t\t\t<\/div>\n\t\t\t\t<div class=\"elementor-element elementor-element-297ab669 elementor-align-center elementor-invisible elementor-widget elementor-widget-button\" data-id=\"297ab669\" data-element_type=\"widget\" data-settings=\"{&quot;_animation&quot;:&quot;fadeIn&quot;,&quot;_animation_delay&quot;:400}\" data-widget_type=\"button.default\">\n\t\t\t\t<div class=\"elementor-widget-container\">\n\t\t\t\t\t\t\t\t\t<div class=\"elementor-button-wrapper\">\n\t\t\t\t\t<a class=\"elementor-button elementor-button-link elementor-size-sm\" href=\"https:\/\/abotex.hu\/wordpress\/uzlet\/\">\n\t\t\t\t\t\t<span class=\"elementor-button-content-wrapper\">\n\t\t\t\t\t\t\t\t\t<span class=\"elementor-button-text\">Megn\u00e9zem<\/span>\n\t\t\t\t\t<\/span>\n\t\t\t\t\t<\/a>\n\t\t\t\t<\/div>\n\t\t\t\t\t\t\t\t<\/div>\n\t\t\t\t<\/div>\n\t\t\t\t<\/div>\n\t\t<div class=\"elementor-element elementor-element-2600993c e-con-full e-flex e-con e-child\" data-id=\"2600993c\" data-element_type=\"container\" data-settings=\"{&quot;background_background&quot;:&quot;classic&quot;}\">\n\t\t\t\t<div class=\"elementor-element elementor-element-8e88cd8 elementor-invisible elementor-widget elementor-widget-image\" data-id=\"8e88cd8\" data-element_type=\"widget\" data-settings=\"{&quot;_animation&quot;:&quot;fadeIn&quot;}\" data-widget_type=\"image.default\">\n\t\t\t\t<div class=\"elementor-widget-container\">\n\t\t\t\t\t\t\t\t\t\t\t\t\t\t\t<img fetchpriority=\"high\" decoding=\"async\" width=\"1792\" height=\"1024\" src=\"https:\/\/abotex.hu\/wordpress\/wp-content\/uploads\/2023\/11\/dalle-agy.png\" class=\"attachment-full size-full wp-image-3139\" alt=\"\" srcset=\"https:\/\/abotex.hu\/wordpress\/wp-content\/uploads\/2023\/11\/dalle-agy.png 1792w, https:\/\/abotex.hu\/wordpress\/wp-content\/uploads\/2023\/11\/dalle-agy-450x257.png 450w, https:\/\/abotex.hu\/wordpress\/wp-content\/uploads\/2023\/11\/dalle-agy-640x366.png 640w, https:\/\/abotex.hu\/wordpress\/wp-content\/uploads\/2023\/11\/dalle-agy-1024x585.png 1024w, https:\/\/abotex.hu\/wordpress\/wp-content\/uploads\/2023\/11\/dalle-agy-768x439.png 768w, https:\/\/abotex.hu\/wordpress\/wp-content\/uploads\/2023\/11\/dalle-agy-1536x878.png 1536w\" sizes=\"(max-width: 1792px) 100vw, 1792px\" \/>\t\t\t\t\t\t\t\t\t\t\t\t\t\t\t<\/div>\n\t\t\t\t<\/div>\n\t\t\t\t<\/div>\n\t\t\t\t<\/div>\n\t\t<div class=\"elementor-element elementor-element-861c4f2 e-flex e-con-boxed e-con e-parent\" data-id=\"861c4f2\" data-element_type=\"container\" data-settings=\"{&quot;background_background&quot;:&quot;classic&quot;}\">\n\t\t\t\t\t<div class=\"e-con-inner\">\n\t\t<div class=\"elementor-element elementor-element-9b449e0 e-con-full e-flex e-con e-child\" data-id=\"9b449e0\" data-element_type=\"container\" data-settings=\"{&quot;background_background&quot;:&quot;classic&quot;}\">\n\t\t\t\t<div class=\"elementor-element elementor-element-ac6f1b3 elementor-widget elementor-widget-heading\" data-id=\"ac6f1b3\" data-element_type=\"widget\" data-widget_type=\"heading.default\">\n\t\t\t\t<div class=\"elementor-widget-container\">\n\t\t\t\t\t<h2 class=\"elementor-heading-title elementor-size-default\">A kellemes \u00e9bred\u00e9s a c\u00e9lunk!<\/h2>\t\t\t\t<\/div>\n\t\t\t\t<\/div>\n\t\t\t\t<div class=\"elementor-element elementor-element-1c49c86 elementor-widget elementor-widget-text-editor\" data-id=\"1c49c86\" data-element_type=\"widget\" data-widget_type=\"text-editor.default\">\n\t\t\t\t<div class=\"elementor-widget-container\">\n\t\t\t\t\t\t\t\t\t<p>Az ABOTEX Q Kft. c\u00e9lja, hogy a kellemes alv\u00e1st mindenkinek el\u00e9rhet\u0151v\u00e9 tegye. 1995 \u00f3ta dolgozunk azon, hogy term\u00e9keink \u2013 legyen sz\u00f3 \u00e1gynem\u0171huzatokr\u00f3l, leped\u0151kr\u0151l vagy abroszokr\u00f3l \u2013 a k\u00e9nyelmet \u00e9s eleganci\u00e1t hozz\u00e1k el \u00d6nh\u00f6z.<\/p>\t\t\t\t\t\t\t\t<\/div>\n\t\t\t\t<\/div>\n\t\t\t\t<\/div>\n\t\t<div class=\"elementor-element elementor-element-4cada3a e-con-full e-flex e-con e-child\" data-id=\"4cada3a\" data-element_type=\"container\" data-settings=\"{&quot;background_background&quot;:&quot;classic&quot;}\">\n\t\t\t\t<div class=\"elementor-element elementor-element-602be61 elementor-widget elementor-widget-image\" data-id=\"602be61\" data-element_type=\"widget\" data-widget_type=\"image.default\">\n\t\t\t\t<div class=\"elementor-widget-container\">\n\t\t\t\t\t\t\t\t\t\t\t\t\t\t\t<img decoding=\"async\" width=\"150\" height=\"186\" src=\"https:\/\/abotex.hu\/wordpress\/wp-content\/uploads\/2014\/04\/markus-e1398348637350.jpg\" class=\"attachment-large size-large wp-image-1194\" alt=\"\" \/>\t\t\t\t\t\t\t\t\t\t\t\t\t\t\t<\/div>\n\t\t\t\t<\/div>\n\t\t\t\t<div class=\"elementor-element elementor-element-2712c8d elementor-widget elementor-widget-heading\" data-id=\"2712c8d\" data-element_type=\"widget\" data-widget_type=\"heading.default\">\n\t\t\t\t<div class=\"elementor-widget-container\">\n\t\t\t\t\t<h3 class=\"elementor-heading-title elementor-size-default\">\u00dcgyvezet\u0151<\/h3>\t\t\t\t<\/div>\n\t\t\t\t<\/div>\n\t\t\t\t<div class=\"elementor-element elementor-element-7fee9a9 elementor-widget elementor-widget-heading\" data-id=\"7fee9a9\" data-element_type=\"widget\" data-widget_type=\"heading.default\">\n\t\t\t\t<div class=\"elementor-widget-container\">\n\t\t\t\t\t<h3 class=\"elementor-heading-title elementor-size-default\">M\u00e1rkus L\u00e1szl\u00f3<\/h3>\t\t\t\t<\/div>\n\t\t\t\t<\/div>\n\t\t\t\t<div class=\"elementor-element elementor-element-cc10f02 elementor-widget elementor-widget-heading\" data-id=\"cc10f02\" data-element_type=\"widget\" data-widget_type=\"heading.default\">\n\t\t\t\t<div class=\"elementor-widget-container\">\n\t\t\t\t\t<h3 class=\"elementor-heading-title elementor-size-default\">C\u00e9galap\u00edt\u00e1s<\/h3>\t\t\t\t<\/div>\n\t\t\t\t<\/div>\n\t\t\t\t<div class=\"elementor-element elementor-element-b9ba916 elementor-widget elementor-widget-heading\" data-id=\"b9ba916\" data-element_type=\"widget\" data-widget_type=\"heading.default\">\n\t\t\t\t<div class=\"elementor-widget-container\">\n\t\t\t\t\t<h3 class=\"elementor-heading-title elementor-size-default\">1995<\/h3>\t\t\t\t<\/div>\n\t\t\t\t<\/div>\n\t\t\t\t<\/div>\n\t\t\t\t\t<\/div>\n\t\t\t\t<\/div>\n\t\t<div class=\"elementor-element elementor-element-ccdfcf1 e-flex e-con-boxed e-con e-parent\" data-id=\"ccdfcf1\" data-element_type=\"container\">\n\t\t\t\t\t<div class=\"e-con-inner\">\n\t\t\t\t<div class=\"elementor-element elementor-element-f5d4a65 elementor-widget elementor-widget-heading\" data-id=\"f5d4a65\" data-element_type=\"widget\" data-widget_type=\"heading.default\">\n\t\t\t\t<div class=\"elementor-widget-container\">\n\t\t\t\t\t<h2 class=\"elementor-heading-title elementor-size-default\">\u00dcdv\u00f6z\u00f6lj\u00fck az ABOTEX Q Kft. meg\u00fajult weboldal\u00e1n! <\/h2>\t\t\t\t<\/div>\n\t\t\t\t<\/div>\n\t\t\t\t<div class=\"elementor-element elementor-element-d392659 elementor-widget elementor-widget-text-editor\" data-id=\"d392659\" data-element_type=\"widget\" data-widget_type=\"text-editor.default\">\n\t\t\t\t<div class=\"elementor-widget-container\">\n\t\t\t\t\t\t\t\t\t<p>M\u00e1rkus L\u00e1szl\u00f3k\u00e9nt, a c\u00e9g \u00fcgyvezet\u0151jek\u00e9nt szeretn\u00e9m \u00d6nt k\u00f6sz\u00f6nteni \u00e9s betekint\u00e9st ny\u00fajtani v\u00e1llalatunk vil\u00e1g\u00e1ba.<\/p><p>Az ABOTEX Q KFT. 1995 \u00f3ta van jelen a lak\u00e1stextil-piacon, kezdetben k\u00e9t f\u0151vel indultunk, m\u00e1ra pedig az orsz\u00e1g egyik meghat\u00e1roz\u00f3 nagykeresked\u0151j\u00e9v\u00e9 n\u0151tt\u00fck ki magunkat. B\u00fcszk\u00e9k vagyunk arra, hogy term\u00e9keink \u2013 \u00e1gynem\u0171huzatokt\u00f3l kezdve a leped\u0151k\u00f6n \u00e1t az abroszokig \u2013 magas min\u0151s\u00e9gben k\u00e9sz\u00fclnek, k\u00e9t saj\u00e1t varrod\u00e1nkban, \u00e9s tapasztalt \u00fczletk\u00f6t\u0151ink r\u00e9v\u00e9n szinte az eg\u00e9sz orsz\u00e1g ter\u00fclet\u00e9n el\u00e9rhet\u0151ek.<\/p><p>Szolg\u00e1ltat\u00e1sainkat kiterjesztj\u00fck, hogy megfelelj\u00fcnk a sz\u00e1ll\u00e1shelyek \u00e9s apartmanok tulajdonosok specifikus ig\u00e9nyeinek is. Tiszt\u00e1ban vagyunk vele, hogy az \u00d6n vend\u00e9gei sz\u00e1m\u00e1ra a k\u00e9nyelem \u00e9s a st\u00edlus egyar\u00e1nt fontos, \u00d6nnek pedig a gyakori mos\u00e1s miatt a m\u00e9ret \u00e9s sz\u00edntart\u00f3ss\u00e1g is \u2013 ez\u00e9rt k\u00edn\u00e1lunk egyedi diz\u00e1jnal rendelkez\u0151 \u00e1gynem\u0171huzatainkat, amelyek t\u00f6k\u00e9letesen illeszkednek az \u00d6n sz\u00e1ll\u00e1shely\u00e9nek atmoszf\u00e9r\u00e1j\u00e1hoz.<\/p><p>Nagykereskedelmi tev\u00e9kenys\u00e9g\u00fcnk mellett szem\u00e9lyre szabott megold\u00e1sokkal \u00e1llunk rendelkez\u00e9sre: legyen sz\u00f3 egyedi rendel\u00e9sekr\u0151l, k\u00f6z\u00fcletek \u00e9s int\u00e9zm\u00e9nyek ig\u00e9nyeinek kiszolg\u00e1l\u00e1s\u00e1r\u00f3l. Szak\u00e9rt\u0151ink koll\u00e9g\u00e1im k\u00e9szen \u00e1llnak, hogy seg\u00edtsenek \u00d6nnek a legjobb v\u00e1laszt\u00e1sban, \u00edgy garant\u00e1lva, hogy a vend\u00e9gei kellemes maradand\u00f3 benyom\u00e1st vigyenek haza.<\/p><p>K\u00e9rem, amennyiben szolg\u00e1ltat\u00e1saink felkeltett\u00e9k \u00e9rdekl\u0151d\u00e9s\u00e9t, vagy k\u00e9rd\u00e9se van a term\u00e9keinkkel, megrendel\u00e9si folyamatunkkal kapcsolatban, ne habozzon kapcsolatba l\u00e9pni vel\u00fcnk a megadott el\u00e9rhet\u0151s\u00e9geinken kereszt\u00fcl.<\/p><p>V\u00e1rjuk, hogy egy\u00fcttm\u0171k\u00f6d\u00e9s\u00fcnkkel m\u00e9g vonz\u00f3bb\u00e1 tegy\u00fck a sz\u00e1ll\u00e1shely\u00e9t.<\/p><p>\u00dcdv\u00f6zlettel,<\/p><p>M\u00e1rkus L\u00e1szl\u00f3<br \/>\u00dcgyvezet\u0151<br \/>ABOTEX Q Kft.<\/p>\t\t\t\t\t\t\t\t<\/div>\n\t\t\t\t<\/div>\n\t\t\t\t\t<\/div>\n\t\t\t\t<\/div>\n\t\t\t\t<\/div>\n\t\t","protected":false},"excerpt":{"rendered":"<p>A pihentet\u0151 alv\u00e1shoz a j\u00f3 \u00e1gynem\u0171n vezet az \u00fat Tekintsd meg az \u00e1ltalunk k\u00e9sz\u00edtett \u00e1gynem\u0171k \u00e9s lak\u00e1stext\u00edli\u00e1k teljes k\u00edn\u00e1lat\u00e1t Megn\u00e9zem A kellemes \u00e9bred\u00e9s a c\u00e9lunk! Az ABOTEX Q Kft. c\u00e9lja, hogy a kellemes alv\u00e1st mindenkinek el\u00e9rhet\u0151v\u00e9 tegye. 1995 \u00f3ta dolgozunk azon, hogy term\u00e9keink \u2013 legyen sz\u00f3 \u00e1gynem\u0171huzatokr\u00f3l, leped\u0151kr\u0151l vagy abroszokr\u00f3l \u2013 a k\u00e9nyelmet \u00e9s eleganci\u00e1t [&hellip;]<\/p>\n","protected":false},"author":1,"featured_media":0,"parent":0,"menu_order":0,"comment_status":"closed","ping_status":"open","template":"elementor_header_footer","meta":{"ngg_post_thumbnail":0,"footnotes":""},"class_list":["post-10","page","type-page","status-publish","hentry"],"aioseo_notices":[],"_links":{"self":[{"href":"https:\/\/abotex.hu\/wordpress\/wp-json\/wp\/v2\/pages\/10","targetHints":{"allow":["GET"]}}],"collection":[{"href":"https:\/\/abotex.hu\/wordpress\/wp-json\/wp\/v2\/pages"}],"about":[{"href":"https:\/\/abotex.hu\/wordpress\/wp-json\/wp\/v2\/types\/page"}],"author":[{"embeddable":true,"href":"https:\/\/abotex.hu\/wordpress\/wp-json\/wp\/v2\/users\/1"}],"replies":[{"embeddable":true,"href":"https:\/\/abotex.hu\/wordpress\/wp-json\/wp\/v2\/comments?post=10"}],"version-history":[{"count":187,"href":"https:\/\/abotex.hu\/wordpress\/wp-json\/wp\/v2\/pages\/10\/revisions"}],"predecessor-version":[{"id":4587,"href":"https:\/\/abotex.hu\/wordpress\/wp-json\/wp\/v2\/pages\/10\/revisions\/4587"}],"wp:attachment":[{"href":"https:\/\/abotex.hu\/wordpress\/wp-json\/wp\/v2\/media?parent=10"}],"curies":[{"name":"wp","href":"https:\/\/api.w.org\/{rel}","templated":true}]}}