{"id":190,"date":"2014-04-26T14:55:53","date_gmt":"2014-04-26T14:55:53","guid":{"rendered":"http:\/\/abotex.hu\/wordpress\/?page_id=190"},"modified":"2023-12-11T11:44:50","modified_gmt":"2023-12-11T11:44:50","slug":"pamut-gala","status":"publish","type":"page","link":"https:\/\/abotex.hu\/wordpress\/pamut-gala\/","title":{"rendered":"Pamut g\u00e1la"},"content":{"rendered":"<h4>A k\u00e9pek mellett tal\u00e1lhat\u00f3&nbsp;<span style=\"color: #00ff00;\">z\u00f6ld pipa<\/span>&nbsp;jelenti azt, hogy az adott term\u00e9k rendelhet\u0151.<\/h4>\nngg_shortcode_0_placeholder\n","protected":false},"excerpt":{"rendered":"<p>A k\u00e9pek mellett tal\u00e1lhat\u00f3&nbsp;z\u00f6ld pipa&nbsp;jelenti azt, hogy az adott term\u00e9k rendelhet\u0151.<\/p>\n","protected":false},"author":1,"featured_media":0,"parent":0,"menu_order":0,"comment_status":"closed","ping_status":"closed","template":"kezdolap-page.php","meta":{"ngg_post_thumbnail":0,"footnotes":""},"class_list":["post-190","page","type-page","status-publish","hentry"],"aioseo_notices":[],"_links":{"self":[{"href":"https:\/\/abotex.hu\/wordpress\/wp-json\/wp\/v2\/pages\/190","targetHints":{"allow":["GET"]}}],"collection":[{"href":"https:\/\/abotex.hu\/wordpress\/wp-json\/wp\/v2\/pages"}],"about":[{"href":"https:\/\/abotex.hu\/wordpress\/wp-json\/wp\/v2\/types\/page"}],"author":[{"embeddable":true,"href":"https:\/\/abotex.hu\/wordpress\/wp-json\/wp\/v2\/users\/1"}],"replies":[{"embeddable":true,"href":"https:\/\/abotex.hu\/wordpress\/wp-json\/wp\/v2\/comments?post=190"}],"version-history":[{"count":1,"href":"https:\/\/abotex.hu\/wordpress\/wp-json\/wp\/v2\/pages\/190\/revisions"}],"predecessor-version":[{"id":3263,"href":"https:\/\/abotex.hu\/wordpress\/wp-json\/wp\/v2\/pages\/190\/revisions\/3263"}],"wp:attachment":[{"href":"https:\/\/abotex.hu\/wordpress\/wp-json\/wp\/v2\/media?parent=190"}],"curies":[{"name":"wp","href":"https:\/\/api.w.org\/{rel}","templated":true}]}}