{"id":27,"date":"2014-04-20T13:12:48","date_gmt":"2014-04-20T13:12:48","guid":{"rendered":"http:\/\/abotex.hu\/wordpress\/?page_id=27"},"modified":"2019-01-10T17:51:03","modified_gmt":"2019-01-10T17:51:03","slug":"torolkozok-furdokontosok","status":"publish","type":"page","link":"https:\/\/abotex.hu\/wordpress\/termekeink\/torolkozok-furdokontosok\/","title":{"rendered":"T\u00f6r\u00f6lk\u00f6z\u0151k, f\u00fcrd\u0151k\u00f6nt\u00f6s\u00f6k"},"content":{"rendered":"<h4>A k\u00e9pek mellett tal\u00e1lhat\u00f3&nbsp;<span style=\"color: #00ff00;\">z\u00f6ld pipa<\/span>&nbsp;jelenti azt, hogy az adott term\u00e9k rendelhet\u0151.<\/h4>\n<p>T\u00f6r\u00f6lk\u00f6z\u0151k<br \/>\nFrott\u00edr 100% pamutb\u00f3l k\u00e9sz\u00fclt t\u00f6r\u00f6lk\u00f6z\u0151k, egysz\u00edn\u0171 (feh\u00e9r \u00e9s sz\u00ednes) mint\u00e1s \u00e9s h\u00edmzett v\u00e1ltozatban<br \/>\nM\u00e9retek:<\/p>\n<ul>\n<li style=\"list-style-type: none;\">\n<ul>\n<li>30&#215;50 cm<\/li>\n<li>50&#215;100 cm<\/li>\n<li>70&#215;140 cm<\/li>\n<\/ul>\n<\/li>\n<\/ul>\nngg_shortcode_0_placeholder\n<p>F\u00fcrd\u0151k\u00f6penyek<br \/>\nFrott\u00edr 100% pamut egysz\u00edn\u0171 (feh\u00e9r \u00e9s sz\u00ednes) s\u00e1lgall\u00e9ros, kapucnis darabok<br \/>\nM\u00e9ret: S, M , L, XL<\/p>\n","protected":false},"excerpt":{"rendered":"<p>A k\u00e9pek mellett tal\u00e1lhat\u00f3&nbsp;z\u00f6ld pipa&nbsp;jelenti azt, hogy az adott term\u00e9k rendelhet\u0151. T\u00f6r\u00f6lk\u00f6z\u0151k Frott\u00edr 100% pamutb\u00f3l k\u00e9sz\u00fclt t\u00f6r\u00f6lk\u00f6z\u0151k, egysz\u00edn\u0171 (feh\u00e9r \u00e9s sz\u00ednes) mint\u00e1s \u00e9s h\u00edmzett v\u00e1ltozatban M\u00e9retek: 30&#215;50 cm 50&#215;100 cm 70&#215;140 cm F\u00fcrd\u0151k\u00f6penyek Frott\u00edr 100% pamut egysz\u00edn\u0171 (feh\u00e9r \u00e9s sz\u00ednes) s\u00e1lgall\u00e9ros, kapucnis darabok M\u00e9ret: S, M , L, XL<\/p>\n","protected":false},"author":1,"featured_media":0,"parent":17,"menu_order":0,"comment_status":"closed","ping_status":"open","template":"","meta":{"ngg_post_thumbnail":0,"footnotes":""},"class_list":["post-27","page","type-page","status-publish","hentry"],"aioseo_notices":[],"_links":{"self":[{"href":"https:\/\/abotex.hu\/wordpress\/wp-json\/wp\/v2\/pages\/27","targetHints":{"allow":["GET"]}}],"collection":[{"href":"https:\/\/abotex.hu\/wordpress\/wp-json\/wp\/v2\/pages"}],"about":[{"href":"https:\/\/abotex.hu\/wordpress\/wp-json\/wp\/v2\/types\/page"}],"author":[{"embeddable":true,"href":"https:\/\/abotex.hu\/wordpress\/wp-json\/wp\/v2\/users\/1"}],"replies":[{"embeddable":true,"href":"https:\/\/abotex.hu\/wordpress\/wp-json\/wp\/v2\/comments?post=27"}],"version-history":[{"count":0,"href":"https:\/\/abotex.hu\/wordpress\/wp-json\/wp\/v2\/pages\/27\/revisions"}],"up":[{"embeddable":true,"href":"https:\/\/abotex.hu\/wordpress\/wp-json\/wp\/v2\/pages\/17"}],"wp:attachment":[{"href":"https:\/\/abotex.hu\/wordpress\/wp-json\/wp\/v2\/media?parent=27"}],"curies":[{"name":"wp","href":"https:\/\/api.w.org\/{rel}","templated":true}]}}